{"id":555,"date":"2021-12-27T13:51:24","date_gmt":"2021-12-27T13:51:24","guid":{"rendered":"https:\/\/h2843537.stratoserver.net\/?page_id=555"},"modified":"2026-03-26T19:08:43","modified_gmt":"2026-03-26T18:08:43","slug":"startseite","status":"publish","type":"page","link":"https:\/\/www.gruene-hadamar-dornburg.de\/","title":{"rendered":""},"content":{"rendered":"\n<figure class=\"wp-block-gallery aligncenter has-nested-images columns-default is-cropped wp-block-gallery-1 is-layout-flex wp-block-gallery-is-layout-flex\">\n<figure class=\"wp-block-image size-large\"><img loading=\"lazy\" decoding=\"async\" width=\"800\" height=\"217\" data-id=\"1541\" src=\"https:\/\/www.gruene-hadamar-dornburg.de\/wp-content\/uploads\/2024\/02\/201-2-scaled-800x217.jpeg\" alt=\"\" class=\"wp-image-1541\" srcset=\"https:\/\/www.gruene-hadamar-dornburg.de\/wp-content\/uploads\/2024\/02\/201-2-scaled-800x217.jpeg 800w, https:\/\/www.gruene-hadamar-dornburg.de\/wp-content\/uploads\/2024\/02\/201-2-scaled-400x108.jpeg 400w, https:\/\/www.gruene-hadamar-dornburg.de\/wp-content\/uploads\/2024\/02\/201-2-768x208.jpeg 768w, https:\/\/www.gruene-hadamar-dornburg.de\/wp-content\/uploads\/2024\/02\/201-2-scaled-1536x416.jpeg 1536w, https:\/\/www.gruene-hadamar-dornburg.de\/wp-content\/uploads\/2024\/02\/201-2-scaled-2048x554.jpeg 2048w\" sizes=\"auto, (max-width: 800px) 100vw, 800px\" \/><\/figure>\n<\/figure>\n\n\n\n<p><\/p>\n\n\n\n<h2 class=\"wp-block-heading has-text-align-center\">Herzlich Willkommen<\/h2>\n\n\n\n<p class=\"has-text-align-center\"><strong>bei den Gr\u00fcnen Hadamar-Dornburg<\/strong><\/p>\n\n\n\n<hr class=\"wp-block-separator has-alpha-channel-opacity\"\/>\n\n\n\n<hr class=\"wp-block-separator has-alpha-channel-opacity\"\/>\n\n\n\n<p><\/p>\n\n\n\n<p><\/p>\n\n\n\n<hr class=\"wp-block-separator has-alpha-channel-opacity\"\/>\n\n\n\n<figure class=\"wp-block-image size-large\"><img loading=\"lazy\" decoding=\"async\" width=\"800\" height=\"930\" src=\"https:\/\/www.gruene-hadamar-dornburg.de\/wp-content\/uploads\/2025\/11\/NG-800x930.png\" alt=\"\" class=\"wp-image-1811\" srcset=\"https:\/\/www.gruene-hadamar-dornburg.de\/wp-content\/uploads\/2025\/11\/NG-800x930.png 800w, https:\/\/www.gruene-hadamar-dornburg.de\/wp-content\/uploads\/2025\/11\/NG-400x465.png 400w, https:\/\/www.gruene-hadamar-dornburg.de\/wp-content\/uploads\/2025\/11\/NG-768x892.png 768w, https:\/\/www.gruene-hadamar-dornburg.de\/wp-content\/uploads\/2025\/11\/NG-1322x1536.png 1322w, https:\/\/www.gruene-hadamar-dornburg.de\/wp-content\/uploads\/2025\/11\/NG-1763x2048.png 1763w\" sizes=\"auto, (max-width: 800px) 100vw, 800px\" \/><\/figure>\n\n\n\n<hr class=\"wp-block-separator has-alpha-channel-opacity\"\/>\n\n\n\n<hr class=\"wp-block-separator has-alpha-channel-opacity\"\/>\n\n\n\n<p>_________________________________________________________________________________________________________________<\/p>\n\n\n\n<p class=\"has-x-large-font-size\"><\/p>\n\n\n\n<p><\/p>\n\n\n\n<p><\/p>\n\n\n\n<div class=\"wp-block-group is-nowrap is-layout-flex wp-container-core-group-is-layout-ad2f72ca wp-block-group-is-layout-flex\">\n<figure class=\"wp-block-image size-full is-resized\"><img loading=\"lazy\" decoding=\"async\" width=\"800\" height=\"464\" src=\"https:\/\/www.gruene-hadamar-dornburg.de\/wp-content\/uploads\/2024\/02\/Orteverband-Dornburg-Hadamar-800x464-1.jpg\" alt=\"\" class=\"wp-image-1537\" style=\"width:921px;height:auto\" srcset=\"https:\/\/www.gruene-hadamar-dornburg.de\/wp-content\/uploads\/2024\/02\/Orteverband-Dornburg-Hadamar-800x464-1.jpg 800w, https:\/\/www.gruene-hadamar-dornburg.de\/wp-content\/uploads\/2024\/02\/Orteverband-Dornburg-Hadamar-800x464-1-400x232.jpg 400w, https:\/\/www.gruene-hadamar-dornburg.de\/wp-content\/uploads\/2024\/02\/Orteverband-Dornburg-Hadamar-800x464-1-768x445.jpg 768w\" sizes=\"auto, (max-width: 800px) 100vw, 800px\" \/><\/figure>\n<\/div>\n\n\n\n<p><\/p>\n\n\n\n<p><\/p>\n\n\n\n<p><\/p>\n\n\n\n<p><\/p>\n\n\n\n<p><a href=\"https:\/\/www.gruene-hadamar-dornburg.de\/index.php\/fraktion-hadamar\/baumschutzsatzung\/\">Natur st\u00e4rken Klima und B\u00e4ume sch\u00fctzen! -&gt;Entwurf Baumschutzsatzung f\u00fcr Hadamar unterschreiben<\/a><\/p>\n\n\n\n<div style=\"height:100px\" aria-hidden=\"true\" class=\"wp-block-spacer\"><\/div>\n\n\n\n<p><\/p>\n\n\n\n<p><\/p>\n\n\n\n<p><\/p>\n\n\n\n<p><\/p>\n\n\n\n<hr class=\"wp-block-separator has-alpha-channel-opacity\"\/>\n\n\n\n<figure class=\"wp-block-embed is-type-wp-embed is-provider-die-gr-nen-hadamar-und-dornburg wp-block-embed-die-gr-nen-hadamar-und-dornburg\"><div class=\"wp-block-embed__wrapper\">\n<blockquote class=\"wp-embedded-content\" data-secret=\"bVdAUfqZ93\"><a href=\"https:\/\/www.gruene-hadamar-dornburg.de\/index.php\/2026\/02\/01\/volle-solidaritaet-mit-janna-jour-und-aziza\/\">Volle Solidarit\u00e4t mit Janna, Joud und Aziza<\/a><\/blockquote><iframe loading=\"lazy\" class=\"wp-embedded-content\" sandbox=\"allow-scripts\" security=\"restricted\" style=\"position: absolute; visibility: hidden;\" title=\"&#8222;Volle Solidarit\u00e4t mit Janna, Joud und Aziza&#8220; &#8211; Die Gr\u00fcnen Hadamar und Dornburg\" src=\"https:\/\/www.gruene-hadamar-dornburg.de\/index.php\/2026\/02\/01\/volle-solidaritaet-mit-janna-jour-und-aziza\/embed\/#?secret=z6GwcoDL92#?secret=bVdAUfqZ93\" data-secret=\"bVdAUfqZ93\" width=\"600\" height=\"338\" frameborder=\"0\" marginwidth=\"0\" marginheight=\"0\" scrolling=\"no\"><\/iframe>\n<\/div><\/figure>\n\n\n\n<div class=\"wp-block-media-text is-stacked-on-mobile\"><figure class=\"wp-block-media-text__media\"><\/figure><div class=\"wp-block-media-text__content\">\n<p><\/p>\n<\/div><\/div>\n","protected":false},"excerpt":{"rendered":"<p>Herzlich Willkommen bei den Gr\u00fcnen Hadamar-Dornburg _________________________________________________________________________________________________________________ Natur st\u00e4rken Klima und B\u00e4ume sch\u00fctzen! -&gt;Entwurf Baumschutzsatzung f\u00fcr Hadamar unterschreiben<\/p>\n","protected":false},"author":1,"featured_media":0,"parent":0,"menu_order":0,"comment_status":"closed","ping_status":"closed","template":"","meta":{"footnotes":""},"class_list":["post-555","page","type-page","status-publish","hentry"],"_links":{"self":[{"href":"https:\/\/www.gruene-hadamar-dornburg.de\/index.php\/wp-json\/wp\/v2\/pages\/555","targetHints":{"allow":["GET"]}}],"collection":[{"href":"https:\/\/www.gruene-hadamar-dornburg.de\/index.php\/wp-json\/wp\/v2\/pages"}],"about":[{"href":"https:\/\/www.gruene-hadamar-dornburg.de\/index.php\/wp-json\/wp\/v2\/types\/page"}],"author":[{"embeddable":true,"href":"https:\/\/www.gruene-hadamar-dornburg.de\/index.php\/wp-json\/wp\/v2\/users\/1"}],"replies":[{"embeddable":true,"href":"https:\/\/www.gruene-hadamar-dornburg.de\/index.php\/wp-json\/wp\/v2\/comments?post=555"}],"version-history":[{"count":109,"href":"https:\/\/www.gruene-hadamar-dornburg.de\/index.php\/wp-json\/wp\/v2\/pages\/555\/revisions"}],"predecessor-version":[{"id":1950,"href":"https:\/\/www.gruene-hadamar-dornburg.de\/index.php\/wp-json\/wp\/v2\/pages\/555\/revisions\/1950"}],"wp:attachment":[{"href":"https:\/\/www.gruene-hadamar-dornburg.de\/index.php\/wp-json\/wp\/v2\/media?parent=555"}],"curies":[{"name":"wp","href":"https:\/\/api.w.org\/{rel}","templated":true}]}}