{"id":3,"date":"2019-09-11T18:40:56","date_gmt":"2019-09-11T18:40:56","guid":{"rendered":"https:\/\/h2843537.stratoserver.net\/?page_id=3"},"modified":"2023-05-19T09:52:34","modified_gmt":"2023-05-19T09:52:34","slug":"privacy-policy","status":"publish","type":"page","link":"https:\/\/www.gruene-hadamar-dornburg.de\/index.php\/privacy-policy\/","title":{"rendered":"Datenschutz"},"content":{"rendered":"<h1 class=\"n\">Datenschutzerkl\u00e4rung<\/h1>\r\n<p>&nbsp;<\/p>\r\n<p class=\"n\">\u00a0<\/p>\r\n<p>Diese \u00a0Datenschutzerkl\u00e4rung kl\u00e4rt Sie \u00fcber die Art, den Umfang und Zweck der \u00a0Verarbeitung von personenbezogenen Daten (nachfolgend kurz \u201eDaten\u201c) \u00a0innerhalb unseres Onlineangebotes und der mit ihm verbundenen Webseiten, \u00a0Funktionen und Inhalte sowie externen Onlinepr\u00e4senzen, wie z.B. unser \u00a0Social Media Profile auf (nachfolgend gemeinsam bezeichnet als \u00a0\u201eOnlineangebot\u201c). Im Hinblick auf die verwendeten Begrifflichkeiten, wie z.B. \u201eVerarbeitung\u201c oder \u201eVerantwortlicher\u201c verweisen wir auf die \u00a0Definitionen im Art. 4 der Datenschutzgrundverordnung (DSGVO).<br \/>\u00a0<\/p>\r\n<h3>Verantwortlicher f\u00fcr den Ortsverband:<\/h3>\r\n<p>Andr\u00e9 Franz-Scheuren<br \/>Hohlstra\u00dfe 3<br \/>65589 Hadamar &#8211; Niederzeuzheim<\/p>\r\n<p>Tel.: +49 1522 7576977<br \/>E-Mail: gruene.hadamar-dornburg (at) web.de<\/p>\r\n<h3>Auftragsverarbeitender:<\/h3>\r\n<p>J\u00fcrgen Rimkus<br \/>Westerwaldstr. 15<br \/>65599 Dornburg<\/p>\r\n<h3>Arten der verarbeiteten Daten:<\/h3>\r\n<p>&#8211; Bestandsdaten (z.B., Namen, Adressen).<br \/>&#8211; Kontaktdaten (z.B., E-Mail, Telefonnummern).<br \/>&#8211; Inhaltsdaten (z.B., Texteingaben, Fotografien, Videos).<br \/>&#8211; Nutzungsdaten (z.B., besuchte Webseiten, Interesse an Inhalten, Zugriffszeiten).<br \/>&#8211; Meta-\/Kommunikationsdaten (z.B., Ger\u00e4te-Informationen, IP-Adressen).<br \/>\u00a0<\/p>\r\n<h3>Kategorien betroffener Personen<\/h3>\r\n<p>Besucher und Nutzer des Onlineangebotes (Nachfolgend bezeichnen wir die betroffenen Personen zusammenfassend auch als \u201eNutzer\u201c).<br \/>\u00a0<\/p>\r\n<h3>Zweck der Verarbeitung<\/h3>\r\n<p>&#8211; Zurverf\u00fcgungstellung des Onlineangebotes, seiner Funktionen und \u00a0Inhalte.<br \/>&#8211; Beantwortung von Kontaktanfragen und Kommunikation mit Nutzern.<br \/>&#8211; Sicherheitsma\u00dfnahmen.<br \/>&#8211; Reichweitenmessung\/Marketing<br \/>\u00a0<\/p>\r\n<h3>Verwendete Begrifflichkeiten\u00a0<\/h3>\r\n<p>\u201ePersonenbezogene \u00a0Daten\u201c sind alle Informationen, die sich auf eine identifizierte oder \u00a0identifizierbare nat\u00fcrliche Person (im Folgenden \u201ebetroffene Person\u201c) \u00a0beziehen; als identifizierbar wird eine nat\u00fcrliche Person angesehen, die \u00a0direkt oder indirekt, insbesondere mittels Zuordnung zu einer Kennung \u00a0wie einem Namen, zu einer Kennnummer, zu Standortdaten, zu einer \u00a0Online-Kennung (z.B. Cookie) oder zu einem oder mehreren besonderen \u00a0Merkmalen identifiziert werden kann, die Ausdruck der physischen, \u00a0physiologischen, genetischen, psychischen, wirtschaftlichen, kulturellen \u00a0oder sozialen Identit\u00e4t dieser nat\u00fcrlichen Person sind.<br \/>\u00a0<\/p>\r\n<p>\u201eVerarbeitung\u201c ist jeder mit oder ohne Hilfe automatisierter Verfahren \u00a0ausgef\u00fchrte Vorgang oder jede solche Vorgangsreihe im Zusammenhang mit personenbezogenen Daten. Der Begriff reicht weit und umfasst praktisch \u00a0jeden Umgang mit Daten.<br \/>\u00a0<\/p>\r\n<p>\u201ePseudonymisierung\u201c die Verarbeitung personenbezogener Daten in einer \u00a0Weise, dass die personenbezogenen Daten ohne Hinzuziehung zus\u00e4tzlicher Informationen nicht mehr einer spezifischen betroffenen Person \u00a0zugeordnet werden k\u00f6nnen, sofern diese zus\u00e4tzlichen Informationen \u00a0gesondert aufbewahrt werden und technischen und organisatorischen \u00a0Ma\u00dfnahmen unterliegen, die gew\u00e4hrleisten, dass die personenbezogenen \u00a0Daten nicht einer identifizierten oder identifizierbaren nat\u00fcrlichen \u00a0Person zugewiesen werden.<br \/>\u00a0<\/p>\r\n<p>\u201eProfiling\u201c jede Art der automatisierten Verarbeitung personenbezogener \u00a0Daten, die darin besteht, dass diese personenbezogenen Daten verwendet werden, um bestimmte pers\u00f6nliche Aspekte, die sich auf eine nat\u00fcrliche \u00a0Person beziehen, zu bewerten, insbesondere um Aspekte bez\u00fcglich Arbeitsleistung, wirtschaftliche Lage, Gesundheit, pers\u00f6nliche \u00a0Vorlieben, Interessen, Zuverl\u00e4ssigkeit, Verhalten, Aufenthaltsort oder \u00a0Ortswechsel dieser nat\u00fcrlichen Person zu analysieren oder vorherzusagen.<br \/>\u00a0<\/p>\r\n<p>Als \u201eVerantwortlicher\u201c wird die nat\u00fcrliche oder juristische Person, \u00a0Beh\u00f6rde, Einrichtung oder andere Stelle, die allein oder gemeinsam mit \u00a0anderen \u00fcber die Zwecke und Mittel der Verarbeitung von \u00a0personenbezogenen Daten entscheidet, bezeichnet.<br \/>\u00a0<\/p>\r\n<p>\u201eAuftragsverarbeiter\u201c eine nat\u00fcrliche oder juristische Person, Beh\u00f6rde, \u00a0Einrichtung oder andere Stelle, die personenbezogene Daten im Auftrag \u00a0des Verantwortlichen verarbeitet.<br \/>\u00a0<\/p>\r\n<h3>Ma\u00dfgebliche Rechtsgrundlagen<\/h3>\r\n<p>Nach \u00a0Ma\u00dfgabe des Art. 13 DSGVO teilen wir Ihnen die Rechtsgrundlagen unserer \u00a0Datenverarbeitungen mit. Sofern die Rechtsgrundlage in der Datenschutzerkl\u00e4rung nicht genannt wird, gilt Folgendes: Die \u00a0Rechtsgrundlage f\u00fcr die Einholung von Einwilligungen ist Art. 6 Abs. 1 \u00a0lit. a und Art. 7 DSGVO, die Rechtsgrundlage f\u00fcr die Verarbeitung zur \u00a0Erf\u00fcllung unserer Leistungen und Durchf\u00fchrung vertraglicher Ma\u00dfnahmen \u00a0sowie Beantwortung von Anfragen ist Art. 6 Abs. 1 lit. b DSGVO, die \u00a0Rechtsgrundlage f\u00fcr die Verarbeitung zur Erf\u00fcllung unserer rechtlichen \u00a0Verpflichtungen ist Art. 6 Abs. 1 lit. c DSGVO, und die Rechtsgrundlage \u00a0f\u00fcr die Verarbeitung zur Wahrung unserer berechtigten Interessen ist \u00a0Art. 6 Abs. 1 lit. f DSGVO. F\u00fcr den Fall, dass lebenswichtige Interessen \u00a0der betroffenen Person oder einer anderen nat\u00fcrlichen Person eine \u00a0Verarbeitung personenbezogener Daten erforderlich machen, dient Art. 6 \u00a0Abs. 1 lit. d DSGVO als Rechtsgrundlage.<\/p>\r\n<h3>Sicherheitsma\u00dfnahmen<\/h3>\r\n<p>Wir \u00a0treffen nach Ma\u00dfgabe des Art. 32 DSGVO unter Ber\u00fccksichtigung des \u00a0Stands der Technik, der Implementierungskosten und der Art, des Umfangs, der Umst\u00e4nde und der Zwecke der Verarbeitung sowie der \u00a0unterschiedlichen Eintrittswahrscheinlichkeit und Schwere des Risikos f\u00fcr die Rechte und Freiheiten nat\u00fcrlicher Personen, geeignete technische \u00a0und organisatorische Ma\u00dfnahmen, um ein dem Risiko angemessenes Schutzniveau zu gew\u00e4hrleisten.<br \/>\u00a0<\/p>\r\n<p>Zu den Ma\u00dfnahmen geh\u00f6ren insbesondere die Sicherung der Vertraulichkeit, \u00a0Integrit\u00e4t und Verf\u00fcgbarkeit von Daten durch Kontrolle des physischen Zugangs zu den Daten, als auch des sie betreffenden Zugriffs, der \u00a0Eingabe, Weitergabe, der Sicherung der Verf\u00fcgbarkeit und ihrer Trennung. \u00a0Des Weiteren haben wir Verfahren eingerichtet, die eine Wahrnehmung von \u00a0Betroffenenrechten, L\u00f6schung von Daten und Reaktion auf Gef\u00e4hrdung der Daten gew\u00e4hrleisten. Ferner ber\u00fccksichtigen wir den Schutz \u00a0personenbezogener Daten bereits bei der Entwicklung, bzw. Auswahl von \u00a0Hardware, Software sowie Verfahren, entsprechend dem Prinzip des \u00a0Datenschutzes durch Technikgestaltung und durch datenschutzfreundliche \u00a0Voreinstellungen (Art. 25 DSGVO).<br \/>\u00a0<\/p>\r\n<h3>Zusammenarbeit mit Auftragsverarbeitern und Dritten<\/h3>\r\n<p>Sofern \u00a0wir im Rahmen unserer Verarbeitung Daten gegen\u00fcber anderen Personen und \u00a0Unternehmen (Auftragsverarbeitern oder Dritten) offenbaren, sie an \u00a0diese \u00fcbermitteln oder ihnen sonst Zugriff auf die Daten gew\u00e4hren, \u00a0erfolgt dies nur auf Grundlage einer gesetzlichen Erlaubnis (z.B. wenn \u00a0eine \u00dcbermittlung der Daten an Dritte, wie an Zahlungsdienstleister, \u00a0gem. Art. 6 Abs. 1 lit. b DSGVO zur Vertragserf\u00fcllung erforderlich ist), \u00a0Sie eingewilligt haben, eine rechtliche Verpflichtung dies vorsieht \u00a0oder auf Grundlage unserer berechtigten Interessen (z.B. beim Einsatz \u00a0von Beauftragten, Webhostern, etc.).<br \/>\u00a0<\/p>\r\n<p>Sofern wir Dritte mit der Verarbeitung von Daten auf Grundlage eines \u00a0sog. \u201eAuftragsverarbeitungsvertrages\u201c beauftragen, geschieht dies auf Grundlage des Art. 28 DSGVO.<\/p>\r\n<h3>\u00dcbermittlungen in Drittl\u00e4nder<\/h3>\r\n<p>Sofern \u00a0wir Daten in einem Drittland (d.h. au\u00dferhalb der Europ\u00e4ischen Union \u00a0(EU) oder des Europ\u00e4ischen Wirtschaftsraums (EWR)) verarbeiten oder dies \u00a0im Rahmen der Inanspruchnahme von Diensten Dritter oder Offenlegung, \u00a0bzw. \u00dcbermittlung von Daten an Dritte geschieht, erfolgt dies nur, wenn es zur Erf\u00fcllung unserer (vor)vertraglichen Pflichten, auf Grundlage \u00a0Ihrer Einwilligung, aufgrund einer rechtlichen Verpflichtung oder auf \u00a0Grundlage unserer berechtigten Interessen geschieht. Vorbehaltlich \u00a0gesetzlicher oder vertraglicher Erlaubnisse, verarbeiten oder lassen wir \u00a0die Daten in einem Drittland nur beim Vorliegen der besonderen \u00a0Voraussetzungen der Art. 44 ff. DSGVO verarbeiten. D.h. die Verarbeitung \u00a0erfolgt z.B. auf Grundlage besonderer Garantien, wie der offiziell \u00a0anerkannten Feststellung eines der EU entsprechenden Datenschutzniveaus \u00a0(z.B. f\u00fcr die USA durch das \u201ePrivacy Shield\u201c) oder Beachtung offiziell \u00a0anerkannter spezieller vertraglicher Verpflichtungen (so genannte \u00a0\u201eStandardvertragsklauseln\u201c).<\/p>\r\n<h3>Rechte der betroffenen Personen<\/h3>\r\n<p>Sie \u00a0haben das Recht, eine Best\u00e4tigung dar\u00fcber zu verlangen, ob betreffende \u00a0Daten verarbeitet werden und auf Auskunft \u00fcber diese Daten sowie auf weitere Informationen und Kopie der Daten entsprechend Art. 15 DSGVO.<br \/>\u00a0<\/p>\r\n<p>Sie haben entsprechend. Art. 16 DSGVO das Recht, die Vervollst\u00e4ndigung \u00a0der Sie betreffenden Daten oder die Berichtigung der Sie betreffenden unrichtigen Daten zu verlangen.<br \/>\u00a0<\/p>\r\n<p>Sie haben nach Ma\u00dfgabe des Art. 17 DSGVO das Recht zu verlangen, dass \u00a0betreffende Daten unverz\u00fcglich gel\u00f6scht werden, bzw. alternativ nach Ma\u00dfgabe des Art. 18 DSGVO eine Einschr\u00e4nkung der Verarbeitung der Daten \u00a0zu verlangen.<br \/>\u00a0<\/p>\r\n<p>Sie haben das Recht zu verlangen, dass die Sie betreffenden Daten, die \u00a0Sie uns bereitgestellt haben nach Ma\u00dfgabe des Art. 20 DSGVO zu erhalten \u00a0und deren \u00dcbermittlung an andere Verantwortliche zu fordern.<br \/>\u00a0<\/p>\r\n<p>Sie haben ferner gem. Art. 77 DSGVO das Recht, eine Beschwerde bei der zust\u00e4ndigen Aufsichtsbeh\u00f6rde einzureichen.<\/p>\r\n<h3>Widerrufsrecht<\/h3>\r\n<p>Sie haben das Recht, erteilte Einwilligungen gem. Art. 7 Abs. 3 DSGVO mit Wirkung f\u00fcr die Zukunft zu widerrufen<\/p>\r\n<h3>Widerspruchsrecht<\/h3>\r\n<p>Sie \u00a0k\u00f6nnen der k\u00fcnftigen Verarbeitung der Sie betreffenden Daten nach \u00a0Ma\u00dfgabe des Art. 21 DSGVO jederzeit widersprechen. Der Widerspruch kann insbesondere gegen die Verarbeitung f\u00fcr Zwecke der Direktwerbung \u00a0erfolgen.<\/p>\r\n<h3>Cookies und Widerspruchsrecht bei Direktwerbung<\/h3>\r\n<p>Als \u00a0\u201eCookies\u201c werden kleine Dateien bezeichnet, die auf Rechnern der Nutzer \u00a0gespeichert werden. Innerhalb der Cookies k\u00f6nnen unterschiedliche Angaben gespeichert werden. Ein Cookie dient prim\u00e4r dazu, die Angaben zu \u00a0einem Nutzer (bzw. dem Ger\u00e4t auf dem das Cookie gespeichert ist) w\u00e4hrend oder auch nach seinem Besuch innerhalb eines Onlineangebotes zu \u00a0speichern. Als tempor\u00e4re Cookies, bzw. \u201eSession-Cookies\u201c oder \u201etransiente Cookies\u201c, werden Cookies bezeichnet, die gel\u00f6scht werden, \u00a0nachdem ein Nutzer ein Onlineangebot verl\u00e4sst und seinen Browser \u00a0schlie\u00dft. In einem solchen Cookie kann z.B. der Inhalt eines Warenkorbs \u00a0in einem Onlineshop oder ein Login-Status gespeichert werden. Als \u00a0\u201epermanent\u201c oder \u201epersistent\u201c werden Cookies bezeichnet, die auch nach \u00a0dem Schlie\u00dfen des Browsers gespeichert bleiben. So kann z.B. der \u00a0Login-Status gespeichert werden, wenn die Nutzer diese nach mehreren \u00a0Tagen aufsuchen. Ebenso k\u00f6nnen in einem solchen Cookie die Interessen \u00a0der Nutzer gespeichert werden, die f\u00fcr Reichweitenmessung oder \u00a0Marketingzwecke verwendet werden. Als \u201eThird-Party-Cookie\u201c werden \u00a0Cookies bezeichnet, die von anderen Anbietern als dem Verantwortlichen, \u00a0der das Onlineangebot betreibt, angeboten werden (andernfalls, wenn es \u00a0nur dessen Cookies sind spricht man von \u201eFirst-Party Cookies\u201c).<br \/>\u00a0<\/p>\r\n<p>Wir k\u00f6nnen tempor\u00e4re und permanente Cookies einsetzen und kl\u00e4ren hier\u00fcber im Rahmen unserer Datenschutzerkl\u00e4rung auf.<br \/>\u00a0<\/p>\r\n<p>Falls die Nutzer nicht m\u00f6chten, dass Cookies auf ihrem Rechner \u00a0gespeichert werden, werden sie gebeten die entsprechende Option in den Systemeinstellungen ihres Browsers zu deaktivieren. Gespeicherte Cookies \u00a0k\u00f6nnen in den Systemeinstellungen des Browsers gel\u00f6scht werden. Der Ausschluss von Cookies kann zu Funktionseinschr\u00e4nkungen dieses \u00a0Onlineangebotes f\u00fchren.<br \/>\u00a0<\/p>\r\n<p>Ein genereller Widerspruch gegen den Einsatz der zu Zwecken des \u00a0Onlinemarketing eingesetzten Cookies kann bei einer Vielzahl der \u00a0Dienste, vor allem im Fall des Trackings, \u00fcber die US-amerikanische \u00a0Seite <a href=\"http:\/\/www.aboutads.info\/choices\/\">http:\/\/www.aboutads.info\/choices\/<\/a> oder die EU-Seite <a href=\"http:\/\/www.youronlinechoices.com\/\">http:\/\/www.youronlinechoices.com\/<\/a> \u00a0erkl\u00e4rt werden. Des Weiteren kann die Speicherung von Cookies mittels \u00a0deren Abschaltung in den Einstellungen des Browsers erreicht werden. \u00a0Bitte beachten Sie, dass dann gegebenenfalls nicht alle Funktionen \u00a0dieses Onlineangebotes genutzt werden k\u00f6nnen.<\/p>\r\n<h3>L\u00f6schung von Daten<\/h3>\r\n<p>Die \u00a0von uns verarbeiteten Daten werden nach Ma\u00dfgabe der Art. 17 und 18 \u00a0DSGVO gel\u00f6scht oder in ihrer Verarbeitung eingeschr\u00e4nkt. Sofern nicht im Rahmen dieser Datenschutzerkl\u00e4rung ausdr\u00fccklich angegeben, werden die \u00a0bei uns gespeicherten Daten gel\u00f6scht, sobald sie f\u00fcr ihre Zweckbestimmung nicht mehr erforderlich sind und der L\u00f6schung keine \u00a0gesetzlichen Aufbewahrungspflichten entgegenstehen. Sofern die Daten \u00a0nicht gel\u00f6scht werden, weil sie f\u00fcr andere und gesetzlich zul\u00e4ssige \u00a0Zwecke erforderlich sind, wird deren Verarbeitung eingeschr\u00e4nkt. D.h. \u00a0die Daten werden gesperrt und nicht f\u00fcr andere Zwecke verarbeitet. Das \u00a0gilt z.B. f\u00fcr Daten, die aus handels- oder steuerrechtlichen Gr\u00fcnden \u00a0aufbewahrt werden m\u00fcssen.<br \/>\u00a0<\/p>\r\n<p>Nach gesetzlichen Vorgaben in Deutschland, erfolgt die Aufbewahrung \u00a0insbesondere f\u00fcr 10 Jahre gem\u00e4\u00df \u00a7\u00a7 147 Abs. 1 AO, 257 Abs. 1 Nr. 1 und 4, Abs. 4 HGB (B\u00fccher, Aufzeichnungen, Lageberichte, Buchungsbelege, \u00a0Handelsb\u00fccher, f\u00fcr Besteuerung relevanter Unterlagen, etc.) und 6 Jahre \u00a0gem\u00e4\u00df \u00a7 257 Abs. 1 Nr. 2 und 3, Abs. 4 HGB (Handelsbriefe).<br \/>\u00a0<\/p>\r\n<p>Nach gesetzlichen Vorgaben in \u00d6sterreich erfolgt die Aufbewahrung \u00a0insbesondere f\u00fcr 7 J gem\u00e4\u00df \u00a7 132 Abs. 1 BAO (Buchhaltungsunterlagen, Belege\/Rechnungen, Konten, Belege, Gesch\u00e4ftspapiere, Aufstellung der \u00a0Einnahmen und Ausgaben, etc.), f\u00fcr 22 Jahre im Zusammenhang mit Grundst\u00fccken und f\u00fcr 10 Jahre bei Unterlagen im Zusammenhang mit \u00a0elektronisch erbrachten Leistungen, Telekommunikations-, Rundfunk- und Fernsehleistungen, die an Nichtunternehmer in EU-Mitgliedstaaten \u00a0erbracht werden und f\u00fcr die der Mini-One-Stop-Shop (MOSS) in Anspruch genommen wird.<br \/>\u00a0<\/p>\r\n<h3>Kontaktaufnahme<\/h3>\r\n<p>Bei \u00a0der Kontaktaufnahme mit uns (z.B. per Kontaktformular, E-Mail, Telefon \u00a0oder via sozialer Medien) werden die Angaben des Nutzers zur Bearbeitung \u00a0der Kontaktanfrage und deren Abwicklung gem. Art. 6 Abs. 1 lit. b) \u00a0DSGVO verarbeitet. Die Angaben der Nutzer k\u00f6nnen in einem Customer-Relationship-Management System (&#8222;CRM System&#8220;) oder \u00a0vergleichbarer Anfragenorganisation gespeichert werden.<br \/>\u00a0<\/p>\r\n<p>Wir l\u00f6schen die Anfragen, sofern diese nicht mehr erforderlich sind. Wir \u00a0\u00fcberpr\u00fcfen die Erforderlichkeit alle zwei Jahre; Ferner gelten die gesetzlichen Archivierungspflichten.<\/p>\r\n<h3>Onlinepr\u00e4senzen in sozialen Medien<\/h3>\r\n<p>Wir \u00a0unterhalten Onlinepr\u00e4senzen innerhalb sozialer Netzwerke und \u00a0Plattformen, um mit den dort aktiven Kunden, Interessenten und Nutzern kommunizieren und sie dort \u00fcber unsere Leistungen informieren zu k\u00f6nnen. \u00a0Beim Aufruf der jeweiligen Netzwerke und Plattformen gelten die Gesch\u00e4ftsbedingungen und die Datenverarbeitungsrichtlinien deren \u00a0jeweiligen Betreiber.<br \/>\u00a0<\/p>\r\n<p>Soweit nicht anders im Rahmen unserer Datenschutzerkl\u00e4rung angegeben, \u00a0verarbeiten wir die Daten der Nutzer sofern diese mit uns innerhalb der sozialen Netzwerke und Plattformen kommunizieren, z.B. Beitr\u00e4ge auf \u00a0unseren Onlinepr\u00e4senzen verfassen oder uns Nachrichten zusenden.<\/p>\r\n<h3>Einbindung von Diensten und Inhalten Dritter<\/h3>\r\n<p>Wir \u00a0setzen innerhalb unseres Onlineangebotes auf Grundlage unserer \u00a0berechtigten Interessen (d.h. Interesse an der Analyse, Optimierung und wirtschaftlichem Betrieb unseres Onlineangebotes im Sinne des Art. 6 \u00a0Abs. 1 lit. f. DSGVO) Inhalts- oder Serviceangebote von Drittanbietern ein, um deren Inhalte und Services, wie z.B. Videos oder Schriftarten \u00a0einzubinden (nachfolgend einheitlich bezeichnet als \u201cInhalte\u201d).<br \/>\u00a0<\/p>\r\n<p>Dies setzt immer voraus, dass die Drittanbieter dieser Inhalte, die \u00a0IP-Adresse der Nutzer wahrnehmen, da sie ohne die IP-Adresse die Inhalte nicht an deren Browser senden k\u00f6nnten. Die IP-Adresse ist damit f\u00fcr die \u00a0Darstellung dieser Inhalte erforderlich. Wir bem\u00fchen uns nur solche Inhalte zu verwenden, deren jeweilige Anbieter die IP-Adresse lediglich \u00a0zur Auslieferung der Inhalte verwenden. Drittanbieter k\u00f6nnen ferner so genannte Pixel-Tags (unsichtbare Grafiken, auch als &#8222;Web Beacons&#8220; \u00a0bezeichnet) f\u00fcr statistische oder Marketingzwecke verwenden. Durch die &#8222;Pixel-Tags&#8220; k\u00f6nnen Informationen, wie der Besucherverkehr auf den \u00a0Seiten dieser Website ausgewertet werden. Die pseudonymen Informationen \u00a0k\u00f6nnen ferner in Cookies auf dem Ger\u00e4t der Nutzer gespeichert werden und \u00a0unter anderem technische Informationen zum Browser und Betriebssystem, \u00a0verweisende Webseiten, Besuchszeit sowie weitere Angaben zur Nutzung \u00a0unseres Onlineangebotes enthalten, als auch mit solchen Informationen \u00a0aus anderen Quellen verbunden werden.<\/p>\r\n<h3>Google Maps<\/h3>\r\n<p>Wir \u00a0binden die Landkarten des Dienstes \u201cGoogle Maps\u201d des Anbieters Google \u00a0LLC, 1600 Amphitheatre Parkway, Mountain View, CA 94043, USA, ein. Zu den verarbeiteten Daten k\u00f6nnen insbesondere IP-Adressen und \u00a0Standortdaten der Nutzer geh\u00f6ren, die jedoch nicht ohne deren Einwilligung (im Regelfall im Rahmen der Einstellungen ihrer Mobilger\u00e4te \u00a0vollzogen), erhoben werden. Die Daten k\u00f6nnen in den USA verarbeitet \u00a0werden. Datenschutzerkl\u00e4rung: <a href=\"https:\/\/www.google.com\/policies\/privacy\/\" target=\"_blank\" rel=\"noopener\">https:\/\/www.google.com\/policies\/privacy\/<\/a>, Opt-Out: <a href=\"https:\/\/adssettings.google.com\/authenticated\" target=\"_blank\" rel=\"noopener\">https:\/\/adssettings.google.com\/authenticated<\/a>.<\/p>\r\n<h3>Verwendung von Facebook Social Plugins<\/h3>\r\n<p>Wir \u00a0nutzen auf Grundlage unserer berechtigten Interessen (d.h. Interesse an \u00a0der Analyse, Optimierung und wirtschaftlichem Betrieb unseres Onlineangebotes im Sinne des Art. 6 Abs. 1 lit. f. DSGVO) Social Plugins \u00a0(&#8222;Plugins&#8220;) des sozialen Netzwerkes facebook.com, welches von der Facebook Ireland Ltd., 4 Grand Canal Square, Grand Canal Harbour, Dublin \u00a02, Irland betrieben wird (&#8222;Facebook&#8220;). Die Plugins k\u00f6nnen Interaktionselemente oder Inhalte (z.B. Videos, Grafiken oder \u00a0Textbeitr\u00e4ge) darstellen und sind an einem der Facebook Logos erkennbar (&#8222;Meine Praxisseite auf Facebook&#8220;) oder sind mit dem Zusatz &#8222;Facebook Social \u00a0Plugin&#8220; gekennzeichnet. Die Liste und das Aussehen der Facebook Social \u00a0Plugins kann hier eingesehen werden:\u00a0<a href=\"https:\/\/developers.facebook.com\/docs\/plugins\/\" target=\"_blank\" rel=\"noopener\">https:\/\/developers.facebook.com\/docs\/plugins\/<\/a>.<br \/>\u00a0<\/p>\r\n<p>Facebook ist unter dem Privacy-Shield-Abkommen zertifiziert und bietet \u00a0hierdurch eine Garantie, das europ\u00e4ische Datenschutzrecht einzuhalten (<a href=\"https:\/\/www.privacyshield.gov\/participant?id=a2zt0000000GnywAAC&amp;status=Active\" target=\"_blank\" rel=\"noopener\">https:\/\/www.privacyshield.gov\/participant?id=a2zt0000000GnywAAC&amp;status=Active<\/a>).<br \/>\u00a0<\/p>\r\n<p>Wenn ein Nutzer eine Funktion dieses Onlineangebotes aufruft, die ein \u00a0solches Plugin enth\u00e4lt, baut sein Ger\u00e4t eine direkte Verbindung mit den Servern von Facebook auf. Der Inhalt des Plugins wird von Facebook \u00a0direkt an das Ger\u00e4t des Nutzers \u00fcbermittelt und von diesem in das Onlineangebot eingebunden. Dabei k\u00f6nnen aus den verarbeiteten Daten \u00a0Nutzungsprofile der Nutzer erstellt werden. Wir haben daher keinen Einfluss auf den Umfang der Daten, die Facebook mit Hilfe dieses Plugins \u00a0erhebt und informiert die Nutzer daher entsprechend unserem Kenntnisstand.<br \/>\u00a0<\/p>\r\n<p>Durch die Einbindung der Plugins erh\u00e4lt Facebook die Information, dass \u00a0ein Nutzer die entsprechende Seite des Onlineangebotes aufgerufen hat. \u00a0Ist der Nutzer bei Facebook eingeloggt, kann Facebook den Besuch seinem \u00a0Facebook-Konto zuordnen. Wenn Nutzer mit den Plugins interagieren, zum Beispiel den Like Button bet\u00e4tigen oder einen Kommentar abgeben, wird \u00a0die entsprechende Information von Ihrem Ger\u00e4t direkt an Facebook \u00fcbermittelt und dort gespeichert. Falls ein Nutzer kein Mitglied von \u00a0Facebook ist, besteht trotzdem die M\u00f6glichkeit, dass Facebook seine \u00a0IP-Adresse in Erfahrung bringt und speichert. Laut Facebook wird in \u00a0Deutschland nur eine anonymisierte IP-Adresse gespeichert.<br \/>\u00a0<\/p>\r\n<p>Zweck und Umfang der Datenerhebung und die weitere Verarbeitung und \u00a0Nutzung der Daten durch Facebook sowie die diesbez\u00fcglichen Rechte und Einstellungsm\u00f6glichkeiten zum Schutz der Privatsph\u00e4re der Nutzer, k\u00f6nnen \u00a0diese den Datenschutzhinweisen von Facebook entnehmen:\u00a0<a href=\"https:\/\/www.facebook.com\/about\/privacy\/\" target=\"_blank\" rel=\"noopener\">https:\/\/www.facebook.com\/about\/privacy\/<\/a>.<br \/>\u00a0<\/p>\r\n<p>Wenn ein Nutzer Facebookmitglied ist und nicht m\u00f6chte, dass Facebook \u00a0\u00fcber dieses Onlineangebot Daten \u00fcber ihn sammelt und mit seinen bei Facebook gespeicherten Mitgliedsdaten verkn\u00fcpft, muss er sich vor der \u00a0Nutzung unseres Onlineangebotes bei Facebook ausloggen und seine Cookies l\u00f6schen. Weitere Einstellungen und Widerspr\u00fcche zur Nutzung von Daten \u00a0f\u00fcr Werbezwecke, sind innerhalb der Facebook-Profileinstellungen m\u00f6glich:\u00a0<a href=\"https:\/\/www.facebook.com\/settings?tab=ads\" target=\"_blank\" rel=\"noopener\">https:\/\/www.facebook.com\/settings?tab=ads<\/a> \u00a0oder \u00fcber die US-amerikanische Seite\u00a0<a href=\"http:\/\/www.aboutads.info\/choices\/\" target=\"_blank\" rel=\"noopener\">http:\/\/www.aboutads.info\/choices\/<\/a> \u00a0oder die EU-Seite\u00a0<a href=\"http:\/\/www.youronlinechoices.com\/\" target=\"_blank\" rel=\"noopener\">http:\/\/www.youronlinechoices.com\/<\/a>. \u00a0Die Einstellungen erfolgen plattformunabh\u00e4ngig, d.h. sie werden f\u00fcr \u00a0alle Ger\u00e4te, wie Desktopcomputer oder mobile Ger\u00e4te \u00fcbernommen.<\/p>\r\n<p><a href=\"https:\/\/datenschutz-generator.de\/\" target=\"_blank\" rel=\"nofollow noopener\">Erstellt mit Datenschutz-Generator.de von RA Dr. Thomas Schwenke<\/a><\/p>\r\n","protected":false},"excerpt":{"rendered":"<p>Datenschutzerkl\u00e4rung &nbsp; \u00a0 Diese \u00a0Datenschutzerkl\u00e4rung kl\u00e4rt Sie \u00fcber die Art, den Umfang und Zweck der \u00a0Verarbeitung von personenbezogenen Daten (nachfolgend kurz \u201eDaten\u201c) \u00a0innerhalb unseres Onlineangebotes und der mit ihm verbundenen [&hellip;]<\/p>\n","protected":false},"author":1,"featured_media":0,"parent":0,"menu_order":0,"comment_status":"closed","ping_status":"closed","template":"","meta":{"footnotes":""},"class_list":["post-3","page","type-page","status-publish","hentry"],"_links":{"self":[{"href":"https:\/\/www.gruene-hadamar-dornburg.de\/index.php\/wp-json\/wp\/v2\/pages\/3","targetHints":{"allow":["GET"]}}],"collection":[{"href":"https:\/\/www.gruene-hadamar-dornburg.de\/index.php\/wp-json\/wp\/v2\/pages"}],"about":[{"href":"https:\/\/www.gruene-hadamar-dornburg.de\/index.php\/wp-json\/wp\/v2\/types\/page"}],"author":[{"embeddable":true,"href":"https:\/\/www.gruene-hadamar-dornburg.de\/index.php\/wp-json\/wp\/v2\/users\/1"}],"replies":[{"embeddable":true,"href":"https:\/\/www.gruene-hadamar-dornburg.de\/index.php\/wp-json\/wp\/v2\/comments?post=3"}],"version-history":[{"count":2,"href":"https:\/\/www.gruene-hadamar-dornburg.de\/index.php\/wp-json\/wp\/v2\/pages\/3\/revisions"}],"predecessor-version":[{"id":877,"href":"https:\/\/www.gruene-hadamar-dornburg.de\/index.php\/wp-json\/wp\/v2\/pages\/3\/revisions\/877"}],"wp:attachment":[{"href":"https:\/\/www.gruene-hadamar-dornburg.de\/index.php\/wp-json\/wp\/v2\/media?parent=3"}],"curies":[{"name":"wp","href":"https:\/\/api.w.org\/{rel}","templated":true}]}}