{"id":1262,"date":"2023-07-27T15:03:31","date_gmt":"2023-07-27T13:03:31","guid":{"rendered":"https:\/\/h2843537.stratoserver.net\/?page_id=1262"},"modified":"2026-03-08T11:37:58","modified_gmt":"2026-03-08T10:37:58","slug":"klimakrise-leicht-erklaert","status":"publish","type":"page","link":"https:\/\/www.gruene-hadamar-dornburg.de\/index.php\/klimakrise-leicht-erklaert\/","title":{"rendered":"Klimakrise \u2013 leicht erkl\u00e4rt!"},"content":{"rendered":"\n<p><a href=\"https:\/\/www.youtube.com\/watch?v=ahmPEzHAD1s&amp;t=12s\" target=\"_blank\" rel=\"noreferrer noopener\">Klimawandel: Einfach Erkl\u00e4rt<\/a><\/p>\n\n\n\n<p><a rel=\"noreferrer noopener\" href=\"https:\/\/www.youtube.com\/watch?v=QWfzim9Ttyc\" target=\"_blank\">Klimawandel: \u201eMi\u00dfverst\u00e4ndnisse aufgekl\u00e4rt\u201c \u2013 Terra X vom 31.07.2019<\/a><\/p>\n\n\n\n<p><a href=\"https:\/\/www.youtube.com\/watch?v=-PCopvU5lf0\" target=\"_blank\" rel=\"noreferrer noopener\">Klimawandel: \u201eEine Erkl\u00e4rung f\u00fcr Kinder\u201c <\/a><\/p>\n\n\n\n<p><a rel=\"noreferrer noopener\" href=\"https:\/\/www.youtube.com\/watch?v=_dG4dEVCqmM\" target=\"_blank\">Klimawandel: \u201eErkl\u00e4rung in leichter Sprache\u201c \u2013 8:31 Min. Video<\/a><\/p>\n\n\n\n<p><a rel=\"noreferrer noopener\" href=\"https:\/\/www.welt.de\/politik\/deutschland\/article199812588\/Klimawandel-In-Deutschland-droht-Streit-ums-Trinkwasser.html\" target=\"_blank\">\u201eWir m\u00fcssen uns auf Wasserknappheit vorbereiten\u201c \u2013 Die Welt online vom 06.09.2019<\/a><\/p>\n\n\n\n<p><a href=\"http:\/\/&lt;!-- wp:paragraph --&gt; &lt;p&gt;&lt;a rel=&quot;noreferrer noopener&quot; href=&quot;https:\/\/www.welt.de\/politik\/deutschland\/article199812588\/Klimawandel-In-Deutschland-droht-Streit-ums-Trinkwasser.html&quot; target=&quot;_blank&quot;&gt;\u201eWir m\u00fcssen uns auf Wasserknappheit vorbereiten\u201c \u2013 Die Welt online vom 06.09.2019&lt;\/a&gt;&lt;\/p&gt; &lt;!-- \/wp:paragraph --&gt;\" target=\"_blank\" rel=\"noreferrer noopener\">Deutsches Klimapotal<\/a><\/p>\n","protected":false},"excerpt":{"rendered":"<p>Klimawandel: Einfach Erkl\u00e4rt Klimawandel: \u201eMi\u00dfverst\u00e4ndnisse aufgekl\u00e4rt\u201c \u2013 Terra X vom 31.07.2019 Klimawandel: \u201eEine Erkl\u00e4rung f\u00fcr Kinder\u201c Klimawandel: \u201eErkl\u00e4rung in leichter Sprache\u201c \u2013 8:31 Min. Video \u201eWir m\u00fcssen uns auf Wasserknappheit [&hellip;]<\/p>\n","protected":false},"author":2,"featured_media":0,"parent":0,"menu_order":0,"comment_status":"closed","ping_status":"closed","template":"","meta":{"footnotes":""},"class_list":["post-1262","page","type-page","status-publish","hentry"],"_links":{"self":[{"href":"https:\/\/www.gruene-hadamar-dornburg.de\/index.php\/wp-json\/wp\/v2\/pages\/1262","targetHints":{"allow":["GET"]}}],"collection":[{"href":"https:\/\/www.gruene-hadamar-dornburg.de\/index.php\/wp-json\/wp\/v2\/pages"}],"about":[{"href":"https:\/\/www.gruene-hadamar-dornburg.de\/index.php\/wp-json\/wp\/v2\/types\/page"}],"author":[{"embeddable":true,"href":"https:\/\/www.gruene-hadamar-dornburg.de\/index.php\/wp-json\/wp\/v2\/users\/2"}],"replies":[{"embeddable":true,"href":"https:\/\/www.gruene-hadamar-dornburg.de\/index.php\/wp-json\/wp\/v2\/comments?post=1262"}],"version-history":[{"count":9,"href":"https:\/\/www.gruene-hadamar-dornburg.de\/index.php\/wp-json\/wp\/v2\/pages\/1262\/revisions"}],"predecessor-version":[{"id":1890,"href":"https:\/\/www.gruene-hadamar-dornburg.de\/index.php\/wp-json\/wp\/v2\/pages\/1262\/revisions\/1890"}],"wp:attachment":[{"href":"https:\/\/www.gruene-hadamar-dornburg.de\/index.php\/wp-json\/wp\/v2\/media?parent=1262"}],"curies":[{"name":"wp","href":"https:\/\/api.w.org\/{rel}","templated":true}]}}